{"id":59442,"date":"2010-07-27T13:15:34","date_gmt":"2010-07-27T13:15:34","guid":{"rendered":"http:\/\/www.sylwestrowo.pl\/przewodnik\/?page_id=20"},"modified":"2010-07-27T13:15:34","modified_gmt":"2010-07-27T13:15:34","slug":"o-serwisie","status":"publish","type":"page","link":"https:\/\/www.sylwester.pl\/przewodnik\/o-serwisie\/","title":{"rendered":"O serwisie"},"content":{"rendered":"<p>Sylwester to czas na \u015bwi\u0119towanie nowego pocz\u0105tku. Mamy mn\u00f3stwo pomys\u0142\u00f3w na Sylwestra, kt\u00f3re pomog\u0105 Ci zaplanowa\u0107 idealn\u0105 noworoczn\u0105 zabaw\u0119 i rozpocz\u0105\u0107 Nowy Rok w wielkim stylu. Warto wypr\u00f3bowa\u0107 nasz zas\u00f3b sylwestrowych pomys\u0142\u00f3w, aby przekona\u0107 si\u0119, \u017ce Pa\u0144stwa uroczysto\u015b\u0107 mo\u017ce by\u0107 przyjazna nie tylko dla portfela, ale dla wszystkich zaproszonych go\u015bci.<\/p>\n<p>Serwis prezentuje nie tylko <strong>pomys\u0142y na oryginalny i tani Sylwester<\/strong> w domu i na wyje\u017adzie. Jest to r\u00f3wnie\u017c <strong>baza ciekawych ofert Sylwestrowych<\/strong> w kraju i za granic\u0105. Tutaj znajdziesz oferty bal\u00f3w sylwestrowych, pobyt\u00f3w sylwestrowych oraz wszelkich imprez odbywaj\u0105cych si\u0119 w Sylwester. Zaplanujesz wyjazd na Sylwestra w g\u00f3ry, nad morze i na mazury. Czekaj\u0105 na Ciebie oferty dla rodzin, par i propozycje dla samotnych.<\/p>\n<h2>Zapraszamy do wsp\u00f3\u0142pracy<\/h2>\n<p><strong>Bloger\u00f3w<\/strong><\/p>\n<p>Zach\u0119camy do proponowania wpis\u00f3w go\u015bcinnych dotycz\u0105cych takich sylwestrowych temat\u00f3w jak moda, dieta, przepisy kulinarne, organizowanie imprezy itp.<\/p>\n<p><strong>Organizator\u00f3w imprez sylwestrowych<\/strong><\/p>\n<p>Wi\u0119cej szczeg\u00f3\u0142\u00f3w na: <a href=\"http:\/\/panel.sylwestrowy.pl\/dodaj-oferte\">http:\/\/panel.sylwestrowy.pl\/dodaj-oferte<\/a><\/p>\n<p><strong>Reklamodawc\u00f3w<\/strong><\/p>\n<p>Oferujemy szeroki wachlarz form reklamowych \u2013 elastyczne formaty reklam graficznych, artyku\u0142y sponsorowane, mailing do u\u017cytkownik\u00f3w i wiele innych.<\/p>\n","protected":false},"excerpt":{"rendered":"<p>Sylwester to czas na \u015bwi\u0119towanie nowego pocz\u0105tku. Mamy mn\u00f3stwo pomys\u0142\u00f3w na Sylwestra, kt\u00f3re pomog\u0105 Ci zaplanowa\u0107 idealn\u0105 noworoczn\u0105 zabaw\u0119 i rozpocz\u0105\u0107 Nowy Rok w wielkim stylu. Warto wypr\u00f3bowa\u0107 nasz zas\u00f3b sylwestrowych pomys\u0142\u00f3w, aby przekona\u0107 si\u0119, \u017ce Pa\u0144stwa uroczysto\u015b\u0107 mo\u017ce by\u0107 przyjazna nie tylko dla portfela, ale dla wszystkich zaproszonych go\u015bci. Serwis prezentuje nie tylko pomys\u0142y [&hellip;]<\/p>\n","protected":false},"author":6,"featured_media":0,"parent":0,"menu_order":0,"comment_status":"closed","ping_status":"closed","template":"","meta":{"footnotes":""},"class_list":["post-59442","page","type-page","status-publish","hentry"],"yoast_head":"<!-- This site is optimized with the Yoast SEO plugin v23.4 - https:\/\/yoast.com\/wordpress\/plugins\/seo\/ -->\n<title>O serwisie - Sylwester.pl<\/title>\n<meta name=\"robots\" content=\"index, follow, max-snippet:-1, max-image-preview:large, max-video-preview:-1\" \/>\n<link rel=\"canonical\" href=\"https:\/\/www.sylwester.pl\/przewodnik\/o-serwisie\/\" \/>\n<meta property=\"og:locale\" content=\"pl_PL\" \/>\n<meta property=\"og:type\" content=\"article\" \/>\n<meta property=\"og:title\" content=\"O serwisie - Sylwester.pl\" \/>\n<meta property=\"og:description\" content=\"Sylwester to czas na \u015bwi\u0119towanie nowego pocz\u0105tku. Mamy mn\u00f3stwo pomys\u0142\u00f3w na Sylwestra, kt\u00f3re pomog\u0105 Ci zaplanowa\u0107 idealn\u0105 noworoczn\u0105 zabaw\u0119 i rozpocz\u0105\u0107 Nowy Rok w wielkim stylu. Warto wypr\u00f3bowa\u0107 nasz zas\u00f3b sylwestrowych pomys\u0142\u00f3w, aby przekona\u0107 si\u0119, \u017ce Pa\u0144stwa uroczysto\u015b\u0107 mo\u017ce by\u0107 przyjazna nie tylko dla portfela, ale dla wszystkich zaproszonych go\u015bci. Serwis prezentuje nie tylko pomys\u0142y [&hellip;]\" \/>\n<meta property=\"og:url\" content=\"https:\/\/www.sylwester.pl\/przewodnik\/o-serwisie\/\" \/>\n<meta property=\"og:site_name\" content=\"Sylwester.pl\" \/>\n<meta name=\"twitter:card\" content=\"summary_large_image\" \/>\n<meta name=\"twitter:label1\" content=\"Szacowany czas czytania\" \/>\n\t<meta name=\"twitter:data1\" content=\"1 minuta\" \/>\n<script type=\"application\/ld+json\" class=\"yoast-schema-graph\">{\"@context\":\"https:\/\/schema.org\",\"@graph\":[{\"@type\":\"WebPage\",\"@id\":\"https:\/\/www.sylwester.pl\/przewodnik\/o-serwisie\/\",\"url\":\"https:\/\/www.sylwester.pl\/przewodnik\/o-serwisie\/\",\"name\":\"O serwisie - Sylwester.pl\",\"isPartOf\":{\"@id\":\"https:\/\/www.sylwester.pl\/przewodnik\/#website\"},\"datePublished\":\"2010-07-27T13:15:34+00:00\",\"dateModified\":\"2010-07-27T13:15:34+00:00\",\"breadcrumb\":{\"@id\":\"https:\/\/www.sylwester.pl\/przewodnik\/o-serwisie\/#breadcrumb\"},\"inLanguage\":\"pl-PL\",\"potentialAction\":[{\"@type\":\"ReadAction\",\"target\":[\"https:\/\/www.sylwester.pl\/przewodnik\/o-serwisie\/\"]}]},{\"@type\":\"BreadcrumbList\",\"@id\":\"https:\/\/www.sylwester.pl\/przewodnik\/o-serwisie\/#breadcrumb\",\"itemListElement\":[{\"@type\":\"ListItem\",\"position\":1,\"name\":\"Strona g\u0142\u00f3wna\",\"item\":\"https:\/\/www.sylwester.pl\/przewodnik\/\"},{\"@type\":\"ListItem\",\"position\":2,\"name\":\"O serwisie\"}]},{\"@type\":\"WebSite\",\"@id\":\"https:\/\/www.sylwester.pl\/przewodnik\/#website\",\"url\":\"https:\/\/www.sylwester.pl\/przewodnik\/\",\"name\":\"Sylwester.pl\",\"description\":\"Sylwester zaczyna si\u0119 tutaj.\",\"publisher\":{\"@id\":\"https:\/\/www.sylwester.pl\/przewodnik\/#organization\"},\"potentialAction\":[{\"@type\":\"SearchAction\",\"target\":{\"@type\":\"EntryPoint\",\"urlTemplate\":\"https:\/\/www.sylwester.pl\/przewodnik\/?s={search_term_string}\"},\"query-input\":{\"@type\":\"PropertyValueSpecification\",\"valueRequired\":true,\"valueName\":\"search_term_string\"}}],\"inLanguage\":\"pl-PL\"},{\"@type\":\"Organization\",\"@id\":\"https:\/\/www.sylwester.pl\/przewodnik\/#organization\",\"name\":\"Sylwester.pl\",\"url\":\"https:\/\/www.sylwester.pl\/przewodnik\/\",\"logo\":{\"@type\":\"ImageObject\",\"inLanguage\":\"pl-PL\",\"@id\":\"https:\/\/www.sylwester.pl\/przewodnik\/#\/schema\/logo\/image\/\",\"url\":\"https:\/\/www.sylwester.pl\/przewodnik\/wp-content\/uploads\/logo-sylwester.png\",\"contentUrl\":\"https:\/\/www.sylwester.pl\/przewodnik\/wp-content\/uploads\/logo-sylwester.png\",\"width\":177,\"height\":40,\"caption\":\"Sylwester.pl\"},\"image\":{\"@id\":\"https:\/\/www.sylwester.pl\/przewodnik\/#\/schema\/logo\/image\/\"}}]}<\/script>\n<!-- \/ Yoast SEO plugin. -->","yoast_head_json":{"title":"O serwisie - Sylwester.pl","robots":{"index":"index","follow":"follow","max-snippet":"max-snippet:-1","max-image-preview":"max-image-preview:large","max-video-preview":"max-video-preview:-1"},"canonical":"https:\/\/www.sylwester.pl\/przewodnik\/o-serwisie\/","og_locale":"pl_PL","og_type":"article","og_title":"O serwisie - Sylwester.pl","og_description":"Sylwester to czas na \u015bwi\u0119towanie nowego pocz\u0105tku. Mamy mn\u00f3stwo pomys\u0142\u00f3w na Sylwestra, kt\u00f3re pomog\u0105 Ci zaplanowa\u0107 idealn\u0105 noworoczn\u0105 zabaw\u0119 i rozpocz\u0105\u0107 Nowy Rok w wielkim stylu. Warto wypr\u00f3bowa\u0107 nasz zas\u00f3b sylwestrowych pomys\u0142\u00f3w, aby przekona\u0107 si\u0119, \u017ce Pa\u0144stwa uroczysto\u015b\u0107 mo\u017ce by\u0107 przyjazna nie tylko dla portfela, ale dla wszystkich zaproszonych go\u015bci. Serwis prezentuje nie tylko pomys\u0142y [&hellip;]","og_url":"https:\/\/www.sylwester.pl\/przewodnik\/o-serwisie\/","og_site_name":"Sylwester.pl","twitter_card":"summary_large_image","twitter_misc":{"Szacowany czas czytania":"1 minuta"},"schema":{"@context":"https:\/\/schema.org","@graph":[{"@type":"WebPage","@id":"https:\/\/www.sylwester.pl\/przewodnik\/o-serwisie\/","url":"https:\/\/www.sylwester.pl\/przewodnik\/o-serwisie\/","name":"O serwisie - Sylwester.pl","isPartOf":{"@id":"https:\/\/www.sylwester.pl\/przewodnik\/#website"},"datePublished":"2010-07-27T13:15:34+00:00","dateModified":"2010-07-27T13:15:34+00:00","breadcrumb":{"@id":"https:\/\/www.sylwester.pl\/przewodnik\/o-serwisie\/#breadcrumb"},"inLanguage":"pl-PL","potentialAction":[{"@type":"ReadAction","target":["https:\/\/www.sylwester.pl\/przewodnik\/o-serwisie\/"]}]},{"@type":"BreadcrumbList","@id":"https:\/\/www.sylwester.pl\/przewodnik\/o-serwisie\/#breadcrumb","itemListElement":[{"@type":"ListItem","position":1,"name":"Strona g\u0142\u00f3wna","item":"https:\/\/www.sylwester.pl\/przewodnik\/"},{"@type":"ListItem","position":2,"name":"O serwisie"}]},{"@type":"WebSite","@id":"https:\/\/www.sylwester.pl\/przewodnik\/#website","url":"https:\/\/www.sylwester.pl\/przewodnik\/","name":"Sylwester.pl","description":"Sylwester zaczyna si\u0119 tutaj.","publisher":{"@id":"https:\/\/www.sylwester.pl\/przewodnik\/#organization"},"potentialAction":[{"@type":"SearchAction","target":{"@type":"EntryPoint","urlTemplate":"https:\/\/www.sylwester.pl\/przewodnik\/?s={search_term_string}"},"query-input":{"@type":"PropertyValueSpecification","valueRequired":true,"valueName":"search_term_string"}}],"inLanguage":"pl-PL"},{"@type":"Organization","@id":"https:\/\/www.sylwester.pl\/przewodnik\/#organization","name":"Sylwester.pl","url":"https:\/\/www.sylwester.pl\/przewodnik\/","logo":{"@type":"ImageObject","inLanguage":"pl-PL","@id":"https:\/\/www.sylwester.pl\/przewodnik\/#\/schema\/logo\/image\/","url":"https:\/\/www.sylwester.pl\/przewodnik\/wp-content\/uploads\/logo-sylwester.png","contentUrl":"https:\/\/www.sylwester.pl\/przewodnik\/wp-content\/uploads\/logo-sylwester.png","width":177,"height":40,"caption":"Sylwester.pl"},"image":{"@id":"https:\/\/www.sylwester.pl\/przewodnik\/#\/schema\/logo\/image\/"}}]}},"_links":{"self":[{"href":"https:\/\/www.sylwester.pl\/przewodnik\/wp-json\/wp\/v2\/pages\/59442"}],"collection":[{"href":"https:\/\/www.sylwester.pl\/przewodnik\/wp-json\/wp\/v2\/pages"}],"about":[{"href":"https:\/\/www.sylwester.pl\/przewodnik\/wp-json\/wp\/v2\/types\/page"}],"author":[{"embeddable":true,"href":"https:\/\/www.sylwester.pl\/przewodnik\/wp-json\/wp\/v2\/users\/6"}],"replies":[{"embeddable":true,"href":"https:\/\/www.sylwester.pl\/przewodnik\/wp-json\/wp\/v2\/comments?post=59442"}],"version-history":[{"count":0,"href":"https:\/\/www.sylwester.pl\/przewodnik\/wp-json\/wp\/v2\/pages\/59442\/revisions"}],"wp:attachment":[{"href":"https:\/\/www.sylwester.pl\/przewodnik\/wp-json\/wp\/v2\/media?parent=59442"}],"curies":[{"name":"wp","href":"https:\/\/api.w.org\/{rel}","templated":true}]}}